{"id":169,"date":"2019-01-03T22:57:21","date_gmt":"2019-01-03T22:57:21","guid":{"rendered":"http:\/\/glass.icom.cust.oxymium.net\/bienvenidos\/objetivos\/"},"modified":"2019-01-03T23:02:04","modified_gmt":"2019-01-03T23:02:04","slug":"objetivos","status":"publish","type":"page","link":"https:\/\/glass.mini.icom.museum\/es\/bienvenidos\/objetivos\/","title":{"rendered":"Objetivos"},"content":{"rendered":"<div id=\"RTE_CONTENT\"> <!--TYPO3SEARCH_begin--> \t<!--  CONTENT ELEMENT, uid:1265\/templavoila_pi1 [begin] --> \t\t<\/p>\n<div id=\"c1265\">\n<div>     <img decoding=\"async\" src=\"typo3temp\/pics\/876e86e1e6.jpg\" alt=\"\"><\/p>\n<h2><\/h2>\n<\/p>\n<div><\/div>\n<\/p><\/div>\n<p>   \t<!--  \t\tBEGIN: Content of extension \"hpo_relatedlink\", plugin \"tx_hporelatedlink_pi1\"  \t--> \t<\/p>\n<div> \t\t \t<\/div>\n<p> \t \t<!-- END: Content of extension \"hpo_relatedlink\", plugin \"tx_hporelatedlink_pi1\" -->  \t<\/div>\n<p> \t<!--  CONTENT ELEMENT, uid:1265\/templavoila_pi1 [end] --> \t\t \t<!--  CONTENT ELEMENT, uid:582\/text [begin] --> \t\t<\/p>\n<div id=\"c582\"> \t\t<!--  Text: [begin] --> \t\t\t<\/p>\n<p>Mantener las reglas y los objetivos de ICOM en materia de la preservaci\u00f3n del Patrimonio vidriero y difundir estos conocimientos a la sociedad. <\/p>\n<p>Desarrollar la comunicaci\u00f3n entre los comit\u00e9s, con objeto de estrechar la comunicaci\u00f3n entre los comit\u00e9s Nacionales, Internacionales, Regionales y Afiliados del ICOM, en las distintas materias. <\/p>\n<p>Organizar un programa anual de actividades relacionadas con la conservaci\u00f3n y el estudio del Patromonio del vidrio. <\/p>\n<p>Organizar un foro internacional de encuentro entre museos, profesionales, etc.., con objeto de intercambiar informaci\u00f3n, experiencias y conocimientos de todo lo relacionado con la preservaci\u00f3n del Patrimonio del vidrio, su historia, tecnolog\u00eda, ciencia y arte, y dar a conocer sus resultados. <\/p>\n<p>Realizar publicaciones sobre temas relacionados con el \u00e1rea de inter\u00e9s del comit\u00e9 de vidrio. <\/p>\n<p>Contibuir al desarrollo y a la implementaci\u00f3n del programa de ICOM. <\/p>\n<p>\u00a0<\/p>\n<p>\u00a0<\/p>\n<p>\u00a0<\/p>\n<p>\u00a0<\/p>\n<p> \t\t<!--  Text: [end] --> \t\t\t   \t<!--  \t\tBEGIN: Content of extension \"hpo_relatedlink\", plugin \"tx_hporelatedlink_pi1\"  \t--> \t<\/p>\n<div> \t\t \t<\/div>\n<p> \t \t<!-- END: Content of extension \"hpo_relatedlink\", plugin \"tx_hporelatedlink_pi1\" -->  \t<\/div>\n<p> \t<!--  CONTENT ELEMENT, uid:582\/text [end] --> \t\t<!--TYPO3SEARCH_end--> <\/div>\n","protected":false},"excerpt":{"rendered":"<p>Mantener las reglas y los objetivos de ICOM en materia de la preservaci\u00f3n del Patrimonio vidriero y difundir estos conocimientos a la sociedad. Desarrollar la comunicaci\u00f3n entre los comit\u00e9s, con objeto de estrechar la comunicaci\u00f3n entre los comit\u00e9s Nacionales, Internacionales, Regionales y Afiliados del ICOM, en las distintas materias. Organizar un programa anual de actividades [&hellip;]<\/p>\n","protected":false},"author":1,"featured_media":0,"parent":156,"menu_order":0,"comment_status":"closed","ping_status":"closed","template":"","meta":{"footnotes":""},"yst_prominent_words":[],"acf":[],"_links":{"self":[{"href":"https:\/\/glass.mini.icom.museum\/es\/wp-json\/wp\/v2\/pages\/169"}],"collection":[{"href":"https:\/\/glass.mini.icom.museum\/es\/wp-json\/wp\/v2\/pages"}],"about":[{"href":"https:\/\/glass.mini.icom.museum\/es\/wp-json\/wp\/v2\/types\/page"}],"author":[{"embeddable":true,"href":"https:\/\/glass.mini.icom.museum\/es\/wp-json\/wp\/v2\/users\/1"}],"replies":[{"embeddable":true,"href":"https:\/\/glass.mini.icom.museum\/es\/wp-json\/wp\/v2\/comments?post=169"}],"version-history":[{"count":1,"href":"https:\/\/glass.mini.icom.museum\/es\/wp-json\/wp\/v2\/pages\/169\/revisions"}],"predecessor-version":[{"id":774,"href":"https:\/\/glass.mini.icom.museum\/es\/wp-json\/wp\/v2\/pages\/169\/revisions\/774"}],"up":[{"embeddable":true,"href":"https:\/\/glass.mini.icom.museum\/es\/wp-json\/wp\/v2\/pages\/156"}],"wp:attachment":[{"href":"https:\/\/glass.mini.icom.museum\/es\/wp-json\/wp\/v2\/media?parent=169"}],"wp:term":[{"taxonomy":"yst_prominent_words","embeddable":true,"href":"https:\/\/glass.mini.icom.museum\/es\/wp-json\/wp\/v2\/yst_prominent_words?post=169"}],"curies":[{"name":"wp","href":"https:\/\/api.w.org\/{rel}","templated":true}]}}