{"id":175,"date":"2019-01-03T22:57:29","date_gmt":"2019-01-03T22:57:29","guid":{"rendered":"http:\/\/glass.icom.cust.oxymium.net\/quienes-somos\/junta\/"},"modified":"2025-04-15T11:36:24","modified_gmt":"2025-04-15T11:36:24","slug":"junta","status":"publish","type":"page","link":"https:\/\/glass.mini.icom.museum\/es\/quienes-somos\/junta\/","title":{"rendered":"Junta"},"content":{"rendered":"<p><strong>Chair:<\/strong><\/p>\n<p>Ruriko Tsuchida<\/p>\n<p>Toyama Glass Art Museum in Toyama, Japan<\/p>\n<p>ruriko.tzchida@gmail.com<\/p>\n<p>tsuchida.ruriko.53@city.toyama.lg.jp<\/p>\n<p><strong>Secretary:<\/strong><\/p>\n<p>Anne-Laure Carr\u00e9<\/p>\n<p>Mus\u00e9e des arts et m\u00e9tiers \u2013 Conservatoire National des Arts et M\u00e9tiers, Paris, France<\/p>\n<p>anne-laure.carre@lecnam.net<\/p>\n<p><strong>Treasurer:<\/strong><\/p>\n<p>Eva-Maria G\u00fcnther<\/p>\n<p>Reiss Engelhorn Museums, Mannheim, Germany<\/p>\n<p>eva-maria.guenther@mannheim.de<\/p>\n<p><strong>Members:<\/strong><\/p>\n<p>Milan Hlaves<\/p>\n<p>The City of Prague Museum<\/p>\n<p><a href=\"mailto:hlaves@muzeumprahy.cz\">hlaves@muzeumprahy.cz<\/a><\/p>\n<p>Amy McHugh<\/p>\n<p>Museum of the American Arts and Crafts Movement, St. Petersburg\u00a0 FL, USA<\/p>\n<p>amy@mchughs.net<\/p>\n<p>Val\u00e9rie Montens<\/p>\n<p>Royal Museums of Art and History, Brussels<\/p>\n<p>v.montens@kmkg-mrah.be<\/p>\n<p>&nbsp;<\/p>\n","protected":false},"excerpt":{"rendered":"<p>Chair: Ruriko Tsuchida Toyama Glass Art Museum in Toyama, Japan ruriko.tzchida@gmail.com tsuchida.ruriko.53@city.toyama.lg.jp Secretary: Anne-Laure Carr\u00e9 Mus\u00e9e des arts et m\u00e9tiers \u2013 Conservatoire National des Arts et M\u00e9tiers, Paris, France anne-laure.carre@lecnam.net Treasurer: Eva-Maria G\u00fcnther Reiss Engelhorn Museums, Mannheim, Germany eva-maria.guenther@mannheim.de Members: Milan Hlaves The City of Prague Museum hlaves@muzeumprahy.cz Amy McHugh Museum of the American Arts [&hellip;]<\/p>\n","protected":false},"author":1,"featured_media":0,"parent":159,"menu_order":1,"comment_status":"closed","ping_status":"closed","template":"","meta":{"footnotes":""},"yst_prominent_words":[364,193,255,253,176,254,252,251,222,256,258,190,869],"acf":[],"_links":{"self":[{"href":"https:\/\/glass.mini.icom.museum\/es\/wp-json\/wp\/v2\/pages\/175"}],"collection":[{"href":"https:\/\/glass.mini.icom.museum\/es\/wp-json\/wp\/v2\/pages"}],"about":[{"href":"https:\/\/glass.mini.icom.museum\/es\/wp-json\/wp\/v2\/types\/page"}],"author":[{"embeddable":true,"href":"https:\/\/glass.mini.icom.museum\/es\/wp-json\/wp\/v2\/users\/1"}],"replies":[{"embeddable":true,"href":"https:\/\/glass.mini.icom.museum\/es\/wp-json\/wp\/v2\/comments?post=175"}],"version-history":[{"count":8,"href":"https:\/\/glass.mini.icom.museum\/es\/wp-json\/wp\/v2\/pages\/175\/revisions"}],"predecessor-version":[{"id":2687,"href":"https:\/\/glass.mini.icom.museum\/es\/wp-json\/wp\/v2\/pages\/175\/revisions\/2687"}],"up":[{"embeddable":true,"href":"https:\/\/glass.mini.icom.museum\/es\/wp-json\/wp\/v2\/pages\/159"}],"wp:attachment":[{"href":"https:\/\/glass.mini.icom.museum\/es\/wp-json\/wp\/v2\/media?parent=175"}],"wp:term":[{"taxonomy":"yst_prominent_words","embeddable":true,"href":"https:\/\/glass.mini.icom.museum\/es\/wp-json\/wp\/v2\/yst_prominent_words?post=175"}],"curies":[{"name":"wp","href":"https:\/\/api.w.org\/{rel}","templated":true}]}}