{"id":181,"date":"2019-01-03T22:57:36","date_gmt":"2019-01-03T22:57:36","guid":{"rendered":"http:\/\/glass.icom.cust.oxymium.net\/como-hacerse-miembro\/"},"modified":"2021-04-30T08:50:48","modified_gmt":"2021-04-30T08:50:48","slug":"como-hacerse-miembro","status":"publish","type":"page","link":"https:\/\/glass.mini.icom.museum\/es\/hagase-miembro\/como-hacerse-miembro\/","title":{"rendered":"C\u00f3mo hacerse miembro"},"content":{"rendered":"<div id=\"RTE_CONTENT\">\n<p><!--TYPO3SEARCH_begin--> <!-- CONTENT ELEMENT, uid:1292\/templavoila_pi1 [begin] --><\/p>\n<div id=\"c1292\">\n<div>\n<p><img decoding=\"async\" src=\"typo3temp\/pics\/d6896eb9c4.jpg\" alt=\"\" \/><span style=\"color: #2b2b2b;font-family: Arial;font-size: 27.5px;font-weight: bold\">C\u00f3mo hacerse miembro<\/span><\/p>\n<\/div>\n<\/div>\n<div id=\"c1254\">\n<p><!-- Header: [end] --> <!-- Image block: [begin] --><\/p>\n<div>\n<p><!-- Text: [begin] --><\/p>\n<p>Para hacerte miembro del comit\u00e9 de vidrio, tienes que ser primero miembro del ICOM. Despu\u00e9s, debes avisar al ICOM que quieres ser miembro del comit\u00e9 de vidrio, y rellenar el formulario que encontrar\u00e1s en la p\u00e1gina del ICOM:<\/p>\n<p><a href=\"https:\/\/icom.museum\/en\/get-involved\/become-an-ic-member\/\">https:\/\/icom.museum\/en\/get-involved\/become-an-ic-member\/<\/a><\/p>\n<p>&nbsp;<\/p>\n<p>&nbsp;<\/p>\n<p>&nbsp;<\/p>\n<p><!-- Text: [end] --><\/p>\n<\/div>\n<p><!-- Image block: [end] --> <!-- BEGIN: Content of extension \"hpo_relatedlink\", plugin \"tx_hporelatedlink_pi1\" --><\/p>\n<div><\/div>\n<p><!-- END: Content of extension \"hpo_relatedlink\", plugin \"tx_hporelatedlink_pi1\" --><\/p>\n<\/div>\n<p><!-- CONTENT ELEMENT, uid:1254\/textpic [end] --> <!--TYPO3SEARCH_end--><\/p>\n<\/div>\n","protected":false},"excerpt":{"rendered":"<p>C\u00f3mo hacerse miembro Para hacerte miembro del comit\u00e9 de vidrio, tienes que ser primero miembro del ICOM. Despu\u00e9s, debes avisar al ICOM que quieres ser miembro del comit\u00e9 de vidrio, y rellenar el formulario que encontrar\u00e1s en la p\u00e1gina del ICOM: https:\/\/icom.museum\/en\/get-involved\/become-an-ic-member\/ &nbsp; &nbsp; &nbsp;<\/p>\n","protected":false},"author":1,"featured_media":0,"parent":1091,"menu_order":0,"comment_status":"closed","ping_status":"closed","template":"","meta":{"footnotes":""},"yst_prominent_words":[867,865,862,143,227,169,864,861,859,542,305,866,863,860,858,857,165,868,167],"acf":[],"_links":{"self":[{"href":"https:\/\/glass.mini.icom.museum\/es\/wp-json\/wp\/v2\/pages\/181"}],"collection":[{"href":"https:\/\/glass.mini.icom.museum\/es\/wp-json\/wp\/v2\/pages"}],"about":[{"href":"https:\/\/glass.mini.icom.museum\/es\/wp-json\/wp\/v2\/types\/page"}],"author":[{"embeddable":true,"href":"https:\/\/glass.mini.icom.museum\/es\/wp-json\/wp\/v2\/users\/1"}],"replies":[{"embeddable":true,"href":"https:\/\/glass.mini.icom.museum\/es\/wp-json\/wp\/v2\/comments?post=181"}],"version-history":[{"count":5,"href":"https:\/\/glass.mini.icom.museum\/es\/wp-json\/wp\/v2\/pages\/181\/revisions"}],"predecessor-version":[{"id":1757,"href":"https:\/\/glass.mini.icom.museum\/es\/wp-json\/wp\/v2\/pages\/181\/revisions\/1757"}],"up":[{"embeddable":true,"href":"https:\/\/glass.mini.icom.museum\/es\/wp-json\/wp\/v2\/pages\/1091"}],"wp:attachment":[{"href":"https:\/\/glass.mini.icom.museum\/es\/wp-json\/wp\/v2\/media?parent=181"}],"wp:term":[{"taxonomy":"yst_prominent_words","embeddable":true,"href":"https:\/\/glass.mini.icom.museum\/es\/wp-json\/wp\/v2\/yst_prominent_words?post=181"}],"curies":[{"name":"wp","href":"https:\/\/api.w.org\/{rel}","templated":true}]}}