{"id":691,"date":"2019-01-03T23:01:43","date_gmt":"2019-01-03T23:01:43","guid":{"rendered":"http:\/\/glass.icom.cust.oxymium.net\/publicaciones-2\/boletin-anual\/"},"modified":"2025-12-03T14:59:32","modified_gmt":"2025-12-03T14:59:32","slug":"boletin-anual","status":"publish","type":"page","link":"https:\/\/glass.mini.icom.museum\/es\/publicaciones-2\/boletin-anual\/","title":{"rendered":"Bolet\u00edn anual"},"content":{"rendered":"<div id=\"RTE_CONTENT\">\n<p><!--TYPO3SEARCH_begin--> <!-- CONTENT ELEMENT, uid:19396\/textpic [begin] --><\/p>\n<div id=\"c19396\">\n<h2>Bolet\u00edn Anual, 2024<\/h2>\n<p>Reuni\u00f3n Anual del ICOM Glass en Toledo, OH, USA<\/p>\n<p>20-24 de Agosto de 2024<\/p>\n<p><a href=\"https:\/\/glass.mini.icom.museum\/wp-content\/uploads\/sites\/12\/2025\/04\/Newsletter-2024-1.pdf\">Newsletter<\/a><\/p>\n<h2>Bolet\u00edn Anual, 2023<\/h2>\n<p><strong>Reuni\u00f3n Anual del ICOM Glass en el Tirol<\/strong><\/p>\n<p>25-29 de septiembre de 2023<\/p>\n<p><a href=\"https:\/\/glass.mini.icom.museum\/wp-content\/uploads\/sites\/12\/2024\/07\/ICOM-Glass-Newsletter-2023_ALC.pdf\">Newsletter\u00a0<\/a><\/p>\n<h2>Bolet\u00edn Anual, 2022<\/h2>\n<p><strong>Conferencia General del ICOM y Conferencia anual del ICOM Glass en Praga<\/strong><\/p>\n<p>del 20 al 28 de agosto de 2022<\/p>\n<p><a href=\"https:\/\/glass.mini.icom.museum\/wp-content\/uploads\/sites\/12\/2023\/03\/ICOM-GLASS-NEWSLETTER-2022_final.pdf\">Newsletter 2022<\/a><\/p>\n<h2>Bolet\u00edn Anual, 2021<\/h2>\n<p><strong>Conferencia Anual del ICOM Glass online<\/strong><\/p>\n<p>6 al 7 de Mayo de 2021<\/p>\n<p><a href=\"https:\/\/glass.mini.icom.museum\/wp-content\/uploads\/sites\/12\/2022\/01\/Annual-Newsletter-2021_final.pdf\">Newsletter 2021<\/a><\/p>\n<h2>Bolet\u00edn Anual, 2020<\/h2>\n<p><strong>Conferencia Anual del ICOM Glass online<\/strong><\/p>\n<p><a href=\"https:\/\/glass.mini.icom.museum\/wp-content\/uploads\/sites\/12\/2021\/08\/Glass-Newsletter-2020.pdf\">Newsletter 2020<\/a><\/p>\n<h2>Bolet\u00edn Anual, 2019<\/h2>\n<p><strong>Conferencia Anual del ICOM Glass en Kyoto (Jap\u00f3n)<\/strong><\/p>\n<p><a href=\"https:\/\/glass.mini.icom.museum\/wp-content\/uploads\/sites\/12\/2020\/03\/Glass-Newsletter-2019.pdf\">Newsletter<\/a><\/p>\n<p>Abstract<\/p>\n<h2>Bolet\u00edn Anual, 2018<\/h2>\n<p><strong>Conferencia Anual del ICOM Glass en San Petersburgo (Rusia)<\/strong><\/p>\n<p>24-29 Septiembre de 2018<\/p>\n<p><a href=\"https:\/\/glass.mini.icom.museum\/wp-content\/uploads\/sites\/12\/2020\/03\/Abstracts_ICOM-Glass-2018.pdf\">Abstracts<\/a><\/p>\n<p><a href=\"https:\/\/glass.mini.icom.museum\/wp-content\/uploads\/sites\/12\/2020\/09\/Glass-Newsletter-2018.pdf\">Glass Newsletter 2018<\/a><\/p>\n<h2>Bolet\u00edn Anual, 2017<\/h2>\n<p><strong>Conferencia Anual del ICOM Glass en Sars Poteries, Francia<\/strong><\/p>\n<p>16-20 Octubre de 2017<\/p>\n<\/div>\n<p>Abstract<\/p>\n<p><span style=\"color: #2b2b2b;font-family: Arial;font-size: 27.5px;font-weight: bold\">Bolet\u00edn Anual, 2016<\/span><\/p>\n<div id=\"c19396\">\n<p><b>Conferencia Anual del ICOM Glass y Conferencia General del ICOM en Mil\u00e1n (Italia)<\/b><\/p>\n<div>\n<p>3-9 Julio de\u00a02016<\/p>\n<p><a title=\"TEXT, ICOM Glass Annual Newsletter 2016, ICOM_Glass_Annual_Newsletter_2016.pdf, 1.3 MB\" href=\"http:\/\/glass.mini.icom.museum\/wp-content\/uploads\/sites\/12\/2019\/01\/ICOM_Glass_Annual_Newsletter_2016.pdf\">Newsletter<\/a><\/p>\n<\/div>\n<div><span style=\"color: #2b2b2b;font-family: Arial;font-size: 27.5px;font-weight: bold\">Bolet\u00edn Anual, 2015<\/span><\/div>\n<\/div>\n<div id=\"c16682\">\n<p><!-- Header: [end] --> <!-- Image block: [begin] --><\/p>\n<div>\n<p><!-- Text: [begin] --><\/p>\n<p><b>Reuni\u00f3n Anual del ICOM Glass en Suiza<\/b><\/p>\n<p>7-13 Septiembrer<\/p>\n<p><a title=\"TEXT, Annual NEWS LETTER 2015 1 , Annual_NEWS_LETTER_2015__1_.pdf, 6.9 MB\" href=\"http:\/\/glass.mini.icom.museum\/wp-content\/uploads\/sites\/12\/2019\/01\/Annual_NEWS_LETTER_2015__1_.pdf\">Newsletter<\/a><\/p>\n<p><!-- Text: [end] --><\/p>\n<\/div>\n<p><!-- Image block: [end] --> <!-- BEGIN: Content of extension \"hpo_relatedlink\", plugin \"tx_hporelatedlink_pi1\" --><\/p>\n<div><span style=\"color: #2b2b2b;font-family: Arial;font-size: 27.5px;font-weight: bold\">Bolet\u00edn Anual, 2014<\/span><\/div>\n<\/div>\n<div id=\"c14915\">\n<p><!-- Header: [end] --> <!-- Image block: [begin] --><\/p>\n<div>\n<p><!-- Text: [begin] --><\/p>\n<p><b>Reuni\u00f3n Anual del\u00a0ICOM Glass en Rumania<\/b><\/p>\n<p>4-11 Octubre de\u00a02014<\/p>\n<p><a title=\"TEXT, Chairman Report 2014, ChairmanReport_2014.pdf, 114 KB\" href=\"http:\/\/glass.mini.icom.museum\/wp-content\/uploads\/sites\/12\/2019\/01\/ChairmanReport_2014.pdf\">Newsletter<\/a><\/p>\n<p><!-- Text: [end] --><\/p>\n<\/div>\n<p><!-- Image block: [end] --> <!-- BEGIN: Content of extension \"hpo_relatedlink\", plugin \"tx_hporelatedlink_pi1\" --><\/p>\n<div><span style=\"color: #2b2b2b;font-family: Arial;font-size: 27.5px;font-weight: bold\">Bolet\u00edn Anual, 2013<\/span><\/div>\n<\/div>\n<div id=\"c12520\">\n<p><!-- Header: [end] --> <!-- Text: [begin] --><\/p>\n<p><b>Conferencia General del ICOM, 2013<br \/>\nReuni\u00f3n Conjunta DEMHIST, ICDAD, ICFA and GLASS, 10-17 de Agosto.<\/b><\/p>\n<p>&#8220;Glass in the Museum, in the Arts and in the Arquitecture. Possible connections&#8221;<\/p>\n<p><a title=\"TEXTE, REPORT BRASIL, REPORT_BRASIL.pdf, 781 KB\" href=\"http:\/\/glass.mini.icom.museum\/wp-content\/uploads\/sites\/12\/2019\/01\/REPORT_BRASIL.pdf\">Newsletter<\/a><\/p>\n<p><b>Reuni\u00f3n Anual del ICOM Glass en Bratislava-\u00a0Lednick\u00e9 Rovn\u00e9, Eslovaquia, 28-31 Octubre, 2013.<\/b><\/p>\n<p>&#8220;What is the future for contemporary studio glass and new discoveries in Slovakia glass&#8221;.<\/p>\n<p><a title=\"TEXTE, REPORT web, REPORT_web.pdf, 473 KB\" href=\"http:\/\/glass.mini.icom.museum\/wp-content\/uploads\/sites\/12\/2019\/01\/REPORT_web.pdf\">Newsletter<\/a><\/p>\n<p><!-- Text: [end] --> <!-- BEGIN: Content of extension \"hpo_relatedlink\", plugin \"tx_hporelatedlink_pi1\" --><\/p>\n<div><span style=\"color: #2b2b2b;font-family: Arial;font-size: 27.5px;font-weight: bold\">Bolet\u00edn Anual, 2012<\/span><\/div>\n<\/div>\n<div id=\"c8898\">\n<p><!-- Header: [end] --> <!-- Text: [begin] --><\/p>\n<p><strong>Reuni\u00f3n del ICOM Glass en EEUU, 2012<\/strong><\/p>\n<p>Ciudad de Nueva York, Corning, Nueva York<\/p>\n<p>Del 5 al 9 de Junio de 2012<\/p>\n<p><a title=\"TEXTE, ICOM GLASS COMMITTEE MEETING.WEB, ICOM_GLASS_COMMITTEE_MEETING.WEB.pdf, 364 KB\" href=\"http:\/\/glass.mini.icom.museum\/wp-content\/uploads\/sites\/12\/2019\/01\/ICOM_GLASS_COMMITTEE_MEETING.WEB.pdf\">Newsletter<\/a><\/p>\n<div><span style=\"color: #2b2b2b;font-family: Arial;font-size: 27.5px;font-weight: bold\">Bolet\u00edn Anual, 2011<\/span><\/div>\n<\/div>\n<div id=\"c8573\">\n<p><!-- Header: [end] --> <!-- Text: [begin] --><\/p>\n<p><strong>Reuni\u00f3n Anual del ICOM Glass, 2011<\/strong><\/p>\n<p>Barcelona, La Granja y Madrid (Espa\u00f1a)<\/p>\n<p>30 de mayo al 4 de junio, 2011<\/p>\n<p><a title=\"TEXTE, ANNUAL NEWSLETTER 2011, ANNUAL_NEWSLETTER__2011.pdf, 19.6 KB\" href=\"http:\/\/glass.mini.icom.museum\/wp-content\/uploads\/sites\/12\/2019\/01\/ANNUAL_NEWSLETTER__2011.pdf\"><b>Newsletter<\/b><\/a><\/p>\n<p><!-- Text: [end] --> <!-- BEGIN: Content of extension \"hpo_relatedlink\", plugin \"tx_hporelatedlink_pi1\" --><\/p>\n<div><span style=\"color: #2b2b2b;font-family: Arial;font-size: 27.5px;font-weight: bold\">Bolet\u00edn Anual, 2010<\/span><\/div>\n<\/div>\n<div id=\"c8574\">\n<p><!-- Header: [end] --> <!-- Text: [begin] --><\/p>\n<p><strong>Reuni\u00f3n del ICOM Glass\u00a0en Finlandia y Tallin<\/strong><\/p>\n<p>Del\u00a06 al 10 de Septiembre de 2010<\/p>\n<p><b><a title=\"TEXTE, ANNUAL NEWSLETTER 2010 01, ANNUAL_NEWSLETTER__2010_01.pdf, 21 KB\" href=\"http:\/\/glass.mini.icom.museum\/wp-content\/uploads\/sites\/12\/2019\/01\/ANNUAL_NEWSLETTER__2010_01.pdf\">Newsletter<\/a><\/b><\/p>\n<p><!-- Text: [end] --> <!-- BEGIN: Content of extension \"hpo_relatedlink\", plugin \"tx_hporelatedlink_pi1\" --><\/p>\n<div><b style=\"color: #474747;font-family: Georgia;font-size: 15px\">Conferencia General del ICOM in Shanghai, 2010<\/b><\/div>\n<\/div>\n<div id=\"c8557\">\n<p>Museos para la armon\u00eda social, del 7 al 12 de Noviembre. Centro de Conferencias, World Expo<img decoding=\"async\" src=\"typo3\/clear.gif\" alt=\"\" \/>\u00a0Site, Shanghai.<\/p>\n<p>Reuni\u00f3n conjunta y simposium. DEMHIST \/ GLASS \/ ICDAD \/ ICFA (en colaboraci\u00f3n con ICOM China). 9 de Noviembre. <i>From Silk Road to Container Ship: artefacts, environment and cultural transfer<\/i><\/p>\n<p><a title=\"TEXTE, ICOM General Conference.Shanghai 01, ICOM_General_Conference.Shanghai_01.pdf, 86 KB\" href=\"http:\/\/glass.mini.icom.museum\/wp-content\/uploads\/sites\/12\/2019\/01\/ICOM_General_Conference.Shanghai_01.pdf\">Newslette<\/a><a title=\"TEXTE, ICOM General Conference.Shanghai 01, ICOM_General_Conference.Shanghai_01.pdf, 86 KB\" href=\"http:\/\/glass.mini.icom.museum\/wp-content\/uploads\/sites\/12\/2019\/01\/ICOM_General_Conference.Shanghai_01.pdf\">r<\/a><\/p>\n<h2><strong>Bolet\u00edn Anual, 2009<\/strong><\/h2>\n<\/div>\n<div id=\"c8730\">\n<p><strong>Reuni\u00f3n Anual del Comit\u00e9 de GLASS en Lisboa, Portugal<\/strong><\/p>\n<p>Del 10 al 14 de Noviembre<\/p>\n<p><a title=\"TEXTE, ICOM Newsletter 2009PDF 01, ICOM_Newsletter_2009PDF_01.pdf, 11.7 KB\" href=\"http:\/\/glass.mini.icom.museum\/wp-content\/uploads\/sites\/12\/2019\/01\/ICOM_Newsletter_2009PDF_01.pdf\"><b>Newsletter<\/b><\/a><\/p>\n<p><!-- Text: [end] --> <!-- BEGIN: Content of extension \"hpo_relatedlink\", plugin \"tx_hporelatedlink_pi1\" --><\/p>\n<div><span style=\"color: #2b2b2b;font-family: Arial;font-size: 27.5px;font-weight: bold\">Bolet\u00edn Informativo, 2008<\/span><\/div>\n<\/div>\n<div id=\"c8731\">\n<p><!-- Header: [end] --> <!-- Text: [begin] --><\/p>\n<p><strong>Resumen de la Reuni\u00f3n Anual del ICOM Glass\u00a0en Nancy (Francia)<\/strong><\/p>\n<p>Del 27 al 31 de Octubre<\/p>\n<p><b><a title=\"TEXTE, ICOM Newsletter 2008 PDF, ICOM_Newsletter_2008_PDF.pdf, 9.8 KB\" href=\"http:\/\/glass.mini.icom.museum\/wp-content\/uploads\/sites\/12\/2019\/01\/ICOM_Newsletter_2008_PDF.pdf\">Newsletter<\/a><\/b><\/p>\n<p><span style=\"color: #2b2b2b;font-family: Arial;font-size: 27.5px;font-weight: bold\">Bolet\u00edn Anual, 2006<\/span><\/p>\n<p>Reuni\u00f3n del ICOM Glass en Turqu\u00eda<\/p>\n<p>15-20 de octubre<\/p>\n<p><a href=\"https:\/\/glass.mini.icom.museum\/wp-content\/uploads\/sites\/12\/2025\/12\/Newsletter-2007.-Turky.pdf\">Newsletter <\/a><\/p>\n<p><!-- Text: [end] --> <!-- BEGIN: Content of extension \"hpo_relatedlink\", plugin \"tx_hporelatedlink_pi1\" --><\/p>\n<div><span style=\"color: #2b2b2b;font-family: Arial;font-size: 27.5px;font-weight: bold\">Bolet\u00edn Anual, 2005<\/span><\/div>\n<\/div>\n<div id=\"c17308\">\n<p><!-- Header: [end] --> <!-- Text: [begin] --><\/p>\n<p><b>Reuni\u00f3n Anual del ICOM Glass en Eslovenia,\u00a0Celje<\/b><\/p>\n<p>Del\u00a011 al 14 de Octubre de\u00a02004<\/p>\n<p><a title=\"TEXT, 2004 Slovenia, 2004_Slovenia.pdf, 6.5 MB\" href=\"http:\/\/glass.mini.icom.museum\/wp-content\/uploads\/sites\/12\/2019\/01\/2004_Slovenia.pdf\">Abstract<\/a><\/p>\n<p><!-- Text: [end] --> <!-- BEGIN: Content of extension \"hpo_relatedlink\", plugin \"tx_hporelatedlink_pi1\" --><\/p>\n<div><span style=\"color: #2b2b2b;font-family: Arial;font-size: 27.5px;font-weight: bold\">Bolet\u00edn Anual, 2004<\/span><\/div>\n<\/div>\n<div id=\"c17321\">\n<p><!-- Header: [end] --> <!-- Text: [begin] --><\/p>\n<p><b>Reuni\u00f3n Anual del ICOM Glass en Italia, Genova<\/b><\/p>\n<p>19-24 September, 2003<\/p>\n<p><a title=\"TEXT, 2003 Genoa, 2003_Genoa.pdf, 2.2 MB\" href=\"http:\/\/glass.mini.icom.museum\/wp-content\/uploads\/sites\/12\/2019\/01\/2003_Genoa.pdf\">Abstract<\/a><\/p>\n<p><!-- Text: [end] --> <!-- BEGIN: Content of extension \"hpo_relatedlink\", plugin \"tx_hporelatedlink_pi1\" --><\/p>\n<div><span style=\"color: #2b2b2b;font-family: Arial;font-size: 27.5px;font-weight: bold\">Bolet\u00edn Anual, 2003<\/span><\/div>\n<\/div>\n<div id=\"c17369\">\n<p><!-- Header: [end] --> <!-- Text: [begin] --><\/p>\n<p><b>Reuni\u00f3n Anual del\u00a0ICOM Glass Annual en Praga, Rep\u00fablica Checa<\/b><\/p>\n<p>8-14 Septiembre, 2002<\/p>\n<p><a title=\"TEXT, 2002 Prague, 2002_Prague.pdf, 4.3 MB\" href=\"http:\/\/glass.mini.icom.museum\/wp-content\/uploads\/sites\/12\/2019\/01\/2002_Prague.pdf\">Abstract<\/a><\/p>\n<p><span style=\"color: #2b2b2b;font-family: Arial;font-size: 27.5px;font-weight: bold\">Bolet\u00edn Anual, 2002<\/span><\/p>\n<p><b>Reuni\u00f3n Anual del ICOM Glass en Barcelona, Espa\u00f1a<\/b><\/p>\n<p>1-6 de Julio, 2001<\/p>\n<p><a href=\"https:\/\/glass.mini.icom.museum\/wp-content\/uploads\/sites\/12\/2021\/12\/Newsletter-Barcelona-2002.pdf\">Abstract, 2002<\/a><\/p>\n<p><span style=\"color: #2b2b2b;font-family: Arial;font-size: 27.5px;font-weight: bold\">Bolet\u00edn Anual, 2001<\/span><\/p>\n<\/div>\n<div id=\"c17376\">\n<p><!-- Header: [end] --> <!-- Text: [begin] --><\/p>\n<p><b>Reuni\u00f3n Anual del \u00a0ICOM Gl<\/b><b>ass en Passau, Alemania<\/b><\/p>\n<p>1-6- Octubre, 2000<\/p>\n<p><a title=\"TEXT, 2000 Passau Part 1, 2000_Passau_Part_1.pdf, 5.7 MB\" href=\"http:\/\/glass.mini.icom.museum\/wp-content\/uploads\/sites\/12\/2019\/01\/2000_Passau_Part_1.pdf\">Abstract<\/a><\/p>\n<p><!-- Text: [end] --> <!-- BEGIN: Content of extension \"hpo_relatedlink\", plugin \"tx_hporelatedlink_pi1\" --><\/p>\n<div><span style=\"color: #2b2b2b;font-family: Arial;font-size: 27.5px;font-weight: bold\">Bolet\u00edn Anual, 2001<\/span><\/div>\n<\/div>\n<div id=\"c17372\">\n<p><!-- Header: [end] --> <!-- Text: [begin] --><\/p>\n<p><b>19 Conferencia Gene<img decoding=\"async\" src=\"typo3\/clear.gif\" alt=\"\" \/>ral y 20 Asamblea General del ICOM en Espa\u00f1a, Barcelona<\/b><\/p>\n<p>1-6 Julio, 2001<\/p>\n<p><a title=\"TEXT, 2001 Barcelona, 2001_Barcelona.pdf, 3.3 MB\" href=\"http:\/\/glass.mini.icom.museum\/wp-content\/uploads\/sites\/12\/2019\/01\/2001_Barcelona.pdf\">Abstract<\/a><\/p>\n<p><!-- Text: [end] --> <!-- BEGIN: Content of extension \"hpo_relatedlink\", plugin \"tx_hporelatedlink_pi1\" --><\/p>\n<div><span style=\"color: #2b2b2b;font-family: Arial;font-size: 27.5px;font-weight: bold\">Bolet\u00edn Anual, 1999<\/span><\/div>\n<\/div>\n<div id=\"c17337\">\n<p><!-- Header: [end] --> <!-- Text: [begin] --><\/p>\n<p><b>Reuni\u00f3n anual del\u00a0ICOM Glass en Australia,\u00a0Melbourne<\/b><\/p>\n<p>11-16 Septiembre, 1998<\/p>\n<p><a title=\"TEXT, 1998 Melbourne, 1998_Melbourne.pdf, 2.4 MB\" href=\"http:\/\/glass.mini.icom.museum\/wp-content\/uploads\/sites\/12\/2019\/01\/1998_Melbourne.pdf\">Resumen<\/a><\/p>\n<p><!-- Text: [end] --> <!-- BEGIN: Content of extension \"hpo_relatedlink\", plugin \"tx_hporelatedlink_pi1\" --><\/p>\n<div><span style=\"color: #2b2b2b;font-family: Arial;font-size: 27.5px;font-weight: bold\">Bolet\u00edn Anual, 1998<\/span><\/div>\n<\/div>\n<div id=\"c17363\">\n<p><!-- Header: [end] --> <!-- Text: [begin] --><\/p>\n<p><b>Reuni\u00f3n Anual del\u00a0ICOM Glass Annual en Israel<\/b><\/p>\n<p>14-18 Septiembre, 1997<\/p>\n<p><a title=\"TEXT, 1997 Israel, 1997_Israel.pdf, 2.9 MB\" href=\"http:\/\/glass.mini.icom.museum\/wp-content\/uploads\/sites\/12\/2019\/01\/1997_Israel.pdf\">Newsletter<\/a><\/p>\n<p><!-- Text: [end] --> <!-- BEGIN: Content of extension \"hpo_relatedlink\", plugin \"tx_hporelatedlink_pi1\" --><\/p>\n<div><span style=\"color: #2b2b2b;font-family: Arial;font-size: 27.5px;font-weight: bold\">Bolet\u00edn Anual, 1997<\/span><\/div>\n<\/div>\n<div id=\"c17305\">\n<p><!-- Header: [end] --> <!-- Text: [begin] --><\/p>\n<p><b>Reuni\u00f3n Anual del ICOM Glass en Alemania<\/b><\/p>\n<p>1-8 Septiembre de 1996<\/p>\n<p><a title=\"TEXT, Ssk-smcg-mf16033011200, Ssk-smcg-mf16033011200.pdf, 1.6 MB\" href=\"http:\/\/glass.mini.icom.museum\/wp-content\/uploads\/sites\/12\/2019\/01\/Ssk-smcg-mf16033011200.pdf\">Newsletter<\/a><\/p>\n<p><!-- Text: [end] --> <!-- BEGIN: Content of extension \"hpo_relatedlink\", plugin \"tx_hporelatedlink_pi1\" --><\/p>\n<div><span style=\"color: #2b2b2b;font-family: Arial;font-size: 27.5px;font-weight: bold\">Bolet\u00edn Anual, 1995<\/span><\/div>\n<\/div>\n<div id=\"c17327\">\n<p><!-- Header: [end] --> <!-- Text: [begin] --><\/p>\n<p><b>Reuni\u00f3n Anual en Espa\u00f1a, La Granja<\/b><\/p>\n<p>Mayo\u00a028 &#8211; Junio\u00a03, 1995<\/p>\n<p><a title=\"TEXT, 1995 La Granja, 1995_La_Granja.pdf, 2.4 MB\" href=\"http:\/\/glass.mini.icom.museum\/wp-content\/uploads\/sites\/12\/2019\/01\/1995_La_Granja.pdf\">Newsletter<\/a><\/p>\n<p><!-- Text: [end] --> <!-- BEGIN: Content of extension \"hpo_relatedlink\", plugin \"tx_hporelatedlink_pi1\" --><\/p>\n<div><span style=\"color: #2b2b2b;font-family: Arial;font-size: 27.5px;font-weight: bold\">Bolet\u00edn Anual, 1994<\/span><\/div>\n<\/div>\n<div id=\"c17315\">\n<p><!-- Header: [end] --> <!-- Text: [begin] --><\/p>\n<p><strong>Reuni\u00f3n Anual del ICOM Glass en Gran Breta\u00f1a<\/strong><\/p>\n<p>Mayo, 15-21, de 1994<\/p>\n<p><a title=\"TEXT, 1994 Great Britain, 1994_Great_Britain.pdf, 1.2 MB\" href=\"http:\/\/glass.mini.icom.museum\/wp-content\/uploads\/sites\/12\/2019\/01\/1994_Great_Britain.pdf\">Abstract<\/a><\/p>\n<p><!-- Text: [end] --> <!-- BEGIN: Content of extension \"hpo_relatedlink\", plugin \"tx_hporelatedlink_pi1\" --><\/p>\n<div><span style=\"color: #2b2b2b;font-family: Arial;font-size: 27.5px;font-weight: bold\">Bolet\u00edn Anual, 1993<\/span><\/div>\n<\/div>\n<div id=\"c16345\">\n<p><!-- Header: [end] --> <!-- Text: [begin] --><\/p>\n<p><b>Reuni\u00f3n Anual del\u00a0ICOM Glass en Alemania, 1993<\/b><\/p>\n<p>19-25 Septiembre, 1993<\/p>\n<p><a title=\"TEXT, committee.of.glass.news1994 01, committee.of.glass.news1994_01.pdf, 4.9 MB\" href=\"http:\/\/glass.mini.icom.museum\/wp-content\/uploads\/sites\/12\/2019\/01\/committee.of.glass.news1994_01.pdf\">Newsletter<\/a><\/p>\n<p><!-- Text: [end] --> <!-- BEGIN: Content of extension \"hpo_relatedlink\", plugin \"tx_hporelatedlink_pi1\" --><\/p>\n<div><span style=\"color: #2b2b2b;font-family: Arial;font-size: 27.5px;font-weight: bold\">Bolet\u00edn Anual, 1993<\/span><\/div>\n<\/div>\n<div id=\"c14454\">\n<p><!-- Header: [end] --> <!-- Image block: [begin] --><\/p>\n<div>\n<p><!-- Text: [begin] --><\/p>\n<p><b>Reuni\u00f3n anual del ICOM Glass en Venecia, Italia, 1993<\/b><\/p>\n<p>17 al 21 de Octubre<\/p>\n<p><a title=\"TEXT, News Letter February 1993 01, NewsLetter_February_1993_01.pdf, 3.2 MB\" href=\"http:\/\/glass.mini.icom.museum\/wp-content\/uploads\/sites\/12\/2019\/01\/NewsLetter_February_1993_01.pdf\">Newsletter<\/a><\/p>\n<p><!-- Text: [end] --><\/p>\n<\/div>\n<p><!-- Image block: [end] --> <!-- BEGIN: Content of extension \"hpo_relatedlink\", plugin \"tx_hporelatedlink_pi1\" --><\/p>\n<div><span style=\"color: #2b2b2b;font-family: Arial;font-size: 27.5px;font-weight: bold\">Bolet\u00edn anual, 1992<\/span><\/div>\n<\/div>\n<div id=\"c17360\">\n<p><!-- Header: [end] --> <!-- Text: [begin] --><\/p>\n<p><b>Reuni\u00f3n Anual del I<\/b><b>COM Glass Meeting en Italia, Venecia y Murano, 1992<\/b><\/p>\n<p>18-25 Octubre, 1992<\/p>\n<p><a title=\"TEXT, 1992 Venice, 1992_Venice.pdf, 1.7 MB\" href=\"http:\/\/glass.mini.icom.museum\/wp-content\/uploads\/sites\/12\/2019\/01\/1992_Venice.pdf\">Newsletter<\/a><\/p>\n<p><!-- Text: [end] --> <!-- BEGIN: Content of extension \"hpo_relatedlink\", plugin \"tx_hporelatedlink_pi1\" --><\/p>\n<div><span style=\"color: #2b2b2b;font-family: Arial;font-size: 27.5px;font-weight: bold\">Bolet\u00edn Anual, 1991<\/span><\/div>\n<\/div>\n<div id=\"c16342\">\n<p><!-- Header: [end] --> <!-- Text: [begin] --><\/p>\n<p><b>Reuni\u00f3n anual del\u00a0<\/b><b>ICOM Glass en Checoslovaquia<\/b><\/p>\n<p>26 de mayo al 2 de junio,\u00a01991<\/p>\n<p><a title=\"TEXT, committee.of.glas.news1991 01, committee.of.glas.news1991_01.pdf, 6.5 MB\" href=\"http:\/\/glass.mini.icom.museum\/wp-content\/uploads\/sites\/12\/2019\/01\/committee.of.glas.news1991_01.pdf\">Newsletter<\/a><\/p>\n<p><!-- Text: [end] --> <!-- BEGIN: Content of extension \"hpo_relatedlink\", plugin \"tx_hporelatedlink_pi1\" --><\/p>\n<div><span style=\"color: #2b2b2b;font-family: Arial;font-size: 27.5px;font-weight: bold\">Bolet\u00edn Anual, 1990<\/span><\/div>\n<\/div>\n<div id=\"c16341\">\n<p><!-- Header: [end] --> <!-- Text: [begin] --><\/p>\n<p><b>Reuni\u00f3n Anual del IC<\/b><b>OM G<\/b><img decoding=\"async\" src=\"typo3\/clear.gif\" alt=\"\" \/><b>lass \u00a0en Dinamarca<\/b><\/p>\n<p>13-20 May, 1990<\/p>\n<p><a title=\"TEXT, committee.of.glass.news1990, committee.of.glass.news1990.pdf, 6.9 MB\" href=\"http:\/\/glass.mini.icom.museum\/wp-content\/uploads\/sites\/12\/2019\/01\/committee.of.glass.news1990.pdf\">Newsletter<\/a>, 1990<\/p>\n<p><span style=\"color: #2b2b2b;font-family: Arial;font-size: 27.5px;font-weight: bold\">Bolet\u00edn Anual, 1989<\/span><\/p>\n<p>29 Agosto al 3 de Septiembre de 1989<\/p>\n<p><a href=\"https:\/\/glass.mini.icom.museum\/wp-content\/uploads\/sites\/12\/2021\/11\/1989-Newsletter.pdf\">Newsletter<\/a><\/p>\n<p><!-- Text: [end] --> <!-- BEGIN: Content of extension \"hpo_relatedlink\", plugin \"tx_hporelatedlink_pi1\" --><\/p>\n<div><span style=\"color: #2b2b2b;font-family: Arial;font-size: 27.5px;font-weight: bold\">Bolet\u00edn Anual, 1987<\/span><\/div>\n<\/div>\n<div id=\"c16347\">\n<p><!-- Header: [end] --> <!-- Text: [begin] --><\/p>\n<p>Reuni\u00f3n anual del\u00a0<b>ICOM Glass en\u00a0Frankfurt, Alemania<\/b><\/p>\n<p>11 al 15 de\u00a0Mayo, 1987<\/p>\n<p><a title=\"TEXT, committee.of.glass.news1987, committee.of.glass.news1987.pdf, 3.5 MB\" href=\"http:\/\/glass.mini.icom.museum\/wp-content\/uploads\/sites\/12\/2019\/01\/committee.of.glass.news1987.pdf\">Newsletter<\/a><\/p>\n<p><!-- Text: [end] --> <!-- BEGIN: Content of extension \"hpo_relatedlink\", plugin \"tx_hporelatedlink_pi1\" --><\/p>\n<div><span style=\"color: #2b2b2b;font-family: Arial;font-size: 27.5px;font-weight: bold\">Bolet\u00edn Anual, 1986<\/span><\/div>\n<\/div>\n<div id=\"c16949\">\n<p><!-- Header: [end] --> <!-- Text: [begin] --><\/p>\n<p><b>Reuni\u00f3n del\u00a0ICOM Glass en Erfurt, Alemania<\/b><\/p>\n<p>21 al 27 de\u00a0Septiembre<\/p>\n<p><a title=\"TEXT, News Letter 1986, News_Letter_1986.pdf, 3.1 MB\" href=\"http:\/\/glass.mini.icom.museum\/wp-content\/uploads\/sites\/12\/2019\/01\/News_Letter_1986.pdf\">Newsletter<\/a><\/p>\n<p><!-- Text: [end] --> <!-- BEGIN: Content of extension \"hpo_relatedlink\", plugin \"tx_hporelatedlink_pi1\" --><\/p>\n<div><span style=\"color: #2b2b2b;font-family: Arial;font-size: 27.5px;font-weight: bold\">Bolet\u00edn Anual, 1985<\/span><\/div>\n<\/div>\n<div id=\"c16348\">\n<p><!-- Header: [end] --> <!-- Text: [begin] --><\/p>\n<p><strong>Reuni\u00f3n Anual del <\/strong><b>ICOM Glass en Finlandia<\/b><\/p>\n<p>21 al 25 de Mayo, 1984<\/p>\n<p><a title=\"TEXT, committee.of.glass.news1985, committee.of.glass.news1985.pdf, 2.1 MB\" href=\"http:\/\/glass.mini.icom.museum\/wp-content\/uploads\/sites\/12\/2019\/01\/committee.of.glass.news1985.pdf\">Newsletter<\/a><\/p>\n<p><span style=\"color: #2b2b2b;font-family: Arial;font-size: 27.5px;font-weight: bold\">Bolet\u00edn Anual, 1985<\/span><\/p>\n<p><strong>Reuni\u00f3n Anual del ICOM Glass en Paris<\/strong><\/p>\n<p>9-14 de Junio<\/p>\n<p><a href=\"https:\/\/glass.mini.icom.museum\/wp-content\/uploads\/sites\/12\/2025\/12\/Newsletter-1985-Paris.pdf\">Newsletter<\/a><\/p>\n<p><!-- Text: [end] --> <!-- BEGIN: Content of extension \"hpo_relatedlink\", plugin \"tx_hporelatedlink_pi1\" --><\/p>\n<div><span style=\"color: #2b2b2b;font-family: Arial;font-size: 27.5px;font-weight: bold\">Bolet\u00edn Anual, N\u00ba 1, 1962<\/span><\/div>\n<\/div>\n<div id=\"c20410\">\n<p><!-- Header: [end] --> <!-- Text: [begin] --><\/p>\n<p><b>Bolet\u00edn Anual,\u00a0<\/b>1962<\/p>\n<p><a title=\"TEXT, Bulletin AIHV 1 1962, Bulletin_AIHV_1_1962.pdf, 766 KB\" href=\"http:\/\/glass.mini.icom.museum\/wp-content\/uploads\/sites\/12\/2019\/01\/Bulletin_AIHV_1_1962.pdf\">Bulletin<\/a><\/p>\n<p><!-- Text: [end] --> <!-- BEGIN: Content of extension \"hpo_relatedlink\", plugin \"tx_hporelatedlink_pi1\" --><\/p>\n<div><span style=\"color: #2b2b2b;font-family: Arial;font-size: 27.5px;font-weight: bold\">International Repertory of Glass Museums and Glass Collections, 1966<\/span><\/div>\n<\/div>\n<div id=\"c20413\">\n<p><!-- Header: [end] --> <!-- Text: [begin] --><\/p>\n<p><b>Reuni\u00f3n Anual del ICOM Glass, Lieja, 1966<\/b><\/p>\n<p><a title=\"TEXT, Repertoire 1966, Repertoire_1966.pdf, 757 KB\" href=\"http:\/\/glass.mini.icom.museum\/wp-content\/uploads\/sites\/12\/2019\/01\/Repertoire_1966.pdf\">Repertory<\/a><\/p>\n<p><!-- Text: [end] --> <!-- BEGIN: Content of extension \"hpo_relatedlink\", plugin \"tx_hporelatedlink_pi1\" --><\/p>\n<div><\/div>\n<p><!-- END: Content of extension \"hpo_relatedlink\", plugin \"tx_hporelatedlink_pi1\" --><\/p>\n<\/div>\n<p><!-- CONTENT ELEMENT, uid:20413\/text [end] --> <!--TYPO3SEARCH_end--><\/p>\n<\/div>\n","protected":false},"excerpt":{"rendered":"<p>Bolet\u00edn Anual, 2024 Reuni\u00f3n Anual del ICOM Glass en Toledo, OH, USA 20-24 de Agosto de 2024 Newsletter Bolet\u00edn Anual, 2023 Reuni\u00f3n Anual del ICOM Glass en el Tirol 25-29 de septiembre de 2023 Newsletter\u00a0 Bolet\u00edn Anual, 2022 Conferencia General del ICOM y Conferencia anual del ICOM Glass en Praga del 20 al 28 de [&hellip;]<\/p>\n","protected":false},"author":1,"featured_media":0,"parent":166,"menu_order":1,"comment_status":"closed","ping_status":"closed","template":"","meta":{"footnotes":""},"yst_prominent_words":[470,461,748,482,481,280,278,471,472,749,281,473,750,284,279,466,465],"acf":[],"_links":{"self":[{"href":"https:\/\/glass.mini.icom.museum\/es\/wp-json\/wp\/v2\/pages\/691"}],"collection":[{"href":"https:\/\/glass.mini.icom.museum\/es\/wp-json\/wp\/v2\/pages"}],"about":[{"href":"https:\/\/glass.mini.icom.museum\/es\/wp-json\/wp\/v2\/types\/page"}],"author":[{"embeddable":true,"href":"https:\/\/glass.mini.icom.museum\/es\/wp-json\/wp\/v2\/users\/1"}],"replies":[{"embeddable":true,"href":"https:\/\/glass.mini.icom.museum\/es\/wp-json\/wp\/v2\/comments?post=691"}],"version-history":[{"count":21,"href":"https:\/\/glass.mini.icom.museum\/es\/wp-json\/wp\/v2\/pages\/691\/revisions"}],"predecessor-version":[{"id":2794,"href":"https:\/\/glass.mini.icom.museum\/es\/wp-json\/wp\/v2\/pages\/691\/revisions\/2794"}],"up":[{"embeddable":true,"href":"https:\/\/glass.mini.icom.museum\/es\/wp-json\/wp\/v2\/pages\/166"}],"wp:attachment":[{"href":"https:\/\/glass.mini.icom.museum\/es\/wp-json\/wp\/v2\/media?parent=691"}],"wp:term":[{"taxonomy":"yst_prominent_words","embeddable":true,"href":"https:\/\/glass.mini.icom.museum\/es\/wp-json\/wp\/v2\/yst_prominent_words?post=691"}],"curies":[{"name":"wp","href":"https:\/\/api.w.org\/{rel}","templated":true}]}}