{"id":168,"date":"2019-01-03T22:57:20","date_gmt":"2019-01-03T22:57:20","guid":{"rendered":"http:\/\/glass.icom.cust.oxymium.net\/bienvenue\/objectives\/"},"modified":"2019-01-03T23:02:00","modified_gmt":"2019-01-03T23:02:00","slug":"objectives","status":"publish","type":"page","link":"https:\/\/glass.mini.icom.museum\/fr\/bienvenue\/objectives\/","title":{"rendered":"Objectives"},"content":{"rendered":"<div id=\"RTE_CONTENT\"> <!--TYPO3SEARCH_begin--> \t<!--  CONTENT ELEMENT, uid:1265\/templavoila_pi1 [begin] --> \t\t<\/p>\n<div id=\"c1265\">\n<div>     <img decoding=\"async\" src=\"typo3temp\/pics\/0e4678fa36.jpg\" alt=\"\"><\/p>\n<h2><\/h2>\n<\/p>\n<div><\/div>\n<\/p><\/div>\n<p>   \t<!--  \t\tBEGIN: Content of extension \"hpo_relatedlink\", plugin \"tx_hporelatedlink_pi1\"  \t--> \t<\/p>\n<div> \t\t \t<\/div>\n<p> \t \t<!-- END: Content of extension \"hpo_relatedlink\", plugin \"tx_hporelatedlink_pi1\" -->  \t<\/div>\n<p> \t<!--  CONTENT ELEMENT, uid:1265\/templavoila_pi1 [end] --> \t\t \t<!--  CONTENT ELEMENT, uid:582\/text [begin] --> \t\t<\/p>\n<div id=\"c582\"> \t\t<!--  Text: [begin] --> \t\t\t<\/p>\n<p>\u00a0<\/p>\n<p>\u00a0Le soutien des r\u00e8gles et des objectifs de l\u2019ICOM dans le domaine de la conservation du patrimoine verrier et de la diffusion des connaissances. <\/p>\n<p>Le d\u00e9veloppement de la communication entre les comit\u00e9s afin de renforcer les liens entre les comit\u00e9s nationaux, internationaux ainsi que les partenaires r\u00e9gionaux autour de diff\u00e9rents sujets. <\/p>\n<p>L\u2019organisation d\u2019un programme annuel d\u2019activit\u00e9s en relation avec la conservation et l\u2019\u00e9tude du patrimoine verrier. <\/p>\n<p>L\u2019organisation d\u2019une rencontre internationale entre les mus\u00e9es, les professionnels etc. afin d\u2019\u00e9changer des informations, des exp\u00e9riences et des expertises dans la conservation du verre, son histoire, sa technologie, la science et l\u2019art et d\u2019en diffuser les connaissances. <\/p>\n<p>L\u2019\u00e9dition d\u2019articles en lien avec les sujets d\u2019int\u00e9r\u00eat de ICOM-Verre. <\/p>\n<p>La contribution au d\u00e9veloppement et \u00e0 la mise en \u0153uvre du programme de l\u2019ICOM. <\/p>\n<p>\u00a0<\/p>\n<p> \t\t<!--  Text: [end] --> \t\t\t   \t<!--  \t\tBEGIN: Content of extension \"hpo_relatedlink\", plugin \"tx_hporelatedlink_pi1\"  \t--> \t<\/p>\n<div> \t\t \t<\/div>\n<p> \t \t<!-- END: Content of extension \"hpo_relatedlink\", plugin \"tx_hporelatedlink_pi1\" -->  \t<\/div>\n<p> \t<!--  CONTENT ELEMENT, uid:582\/text [end] --> \t\t<!--TYPO3SEARCH_end--> <\/div>\n","protected":false},"excerpt":{"rendered":"<p>\u00a0 \u00a0Le soutien des r\u00e8gles et des objectifs de l\u2019ICOM dans le domaine de la conservation du patrimoine verrier et de la diffusion des connaissances. Le d\u00e9veloppement de la communication entre les comit\u00e9s afin de renforcer les liens entre les comit\u00e9s nationaux, internationaux ainsi que les partenaires r\u00e9gionaux autour de diff\u00e9rents sujets. L\u2019organisation d\u2019un programme [&hellip;]<\/p>\n","protected":false},"author":1,"featured_media":0,"parent":155,"menu_order":0,"comment_status":"closed","ping_status":"closed","template":"","meta":{"footnotes":""},"yst_prominent_words":[],"acf":[],"_links":{"self":[{"href":"https:\/\/glass.mini.icom.museum\/fr\/wp-json\/wp\/v2\/pages\/168"}],"collection":[{"href":"https:\/\/glass.mini.icom.museum\/fr\/wp-json\/wp\/v2\/pages"}],"about":[{"href":"https:\/\/glass.mini.icom.museum\/fr\/wp-json\/wp\/v2\/types\/page"}],"author":[{"embeddable":true,"href":"https:\/\/glass.mini.icom.museum\/fr\/wp-json\/wp\/v2\/users\/1"}],"replies":[{"embeddable":true,"href":"https:\/\/glass.mini.icom.museum\/fr\/wp-json\/wp\/v2\/comments?post=168"}],"version-history":[{"count":1,"href":"https:\/\/glass.mini.icom.museum\/fr\/wp-json\/wp\/v2\/pages\/168\/revisions"}],"predecessor-version":[{"id":762,"href":"https:\/\/glass.mini.icom.museum\/fr\/wp-json\/wp\/v2\/pages\/168\/revisions\/762"}],"up":[{"embeddable":true,"href":"https:\/\/glass.mini.icom.museum\/fr\/wp-json\/wp\/v2\/pages\/155"}],"wp:attachment":[{"href":"https:\/\/glass.mini.icom.museum\/fr\/wp-json\/wp\/v2\/media?parent=168"}],"wp:term":[{"taxonomy":"yst_prominent_words","embeddable":true,"href":"https:\/\/glass.mini.icom.museum\/fr\/wp-json\/wp\/v2\/yst_prominent_words?post=168"}],"curies":[{"name":"wp","href":"https:\/\/api.w.org\/{rel}","templated":true}]}}