{"id":171,"date":"2019-01-03T22:57:25","date_gmt":"2019-01-03T22:57:25","guid":{"rendered":"http:\/\/glass.icom.cust.oxymium.net\/qui-sommes-nous\/qui-sommes-nous\/"},"modified":"2019-01-03T23:02:00","modified_gmt":"2019-01-03T23:02:00","slug":"qui-sommes-nous","status":"publish","type":"page","link":"https:\/\/glass.mini.icom.museum\/fr\/qui-sommes-nous\/qui-sommes-nous\/","title":{"rendered":"Qui sommes-nous"},"content":{"rendered":"<div id=\"RTE_CONTENT\"> <!--TYPO3SEARCH_begin--> \t<!--  CONTENT ELEMENT, uid:715\/text [begin] --> \t\t<\/p>\n<div id=\"c715\"> \t\t<!--  Text: [begin] --> \t\t\t<\/p>\n<p>Le comit\u00e9 Verre est dirig\u00e9 par un Bureau \u00e9lu, compos\u00e9 d\u2019un pr\u00e9sident, d\u2019un secr\u00e9taire et d\u2019un tr\u00e9sorier ainsi que de 5 membres. Les membres du bureau sont \u00e9lus pour une dur\u00e9e de 3 ans, avec la possibilit\u00e9 d\u2019\u00eatre r\u00e9\u00e9lu pour une autre p\u00e9riode de 3 ans. Le comit\u00e9 Verre compte une centaine de membres.  <\/p>\n<p>L\u2019organisation du Comit\u00e9 Verre est bas\u00e9e sur les statuts de l\u2019ICOM et des r\u00e8gles pour les comit\u00e9s internationaux.<\/p>\n<p> \t\t<!--  Text: [end] --> \t\t\t   \t<!--  \t\tBEGIN: Content of extension \"hpo_relatedlink\", plugin \"tx_hporelatedlink_pi1\"  \t--> \t<\/p>\n<div> \t\t \t<\/div>\n<p> \t \t<!-- END: Content of extension \"hpo_relatedlink\", plugin \"tx_hporelatedlink_pi1\" -->  \t<\/div>\n<p> \t<!--  CONTENT ELEMENT, uid:715\/text [end] --> \t\t<!--TYPO3SEARCH_end--> <\/div>\n","protected":false},"excerpt":{"rendered":"<p>Le comit\u00e9 Verre est dirig\u00e9 par un Bureau \u00e9lu, compos\u00e9 d\u2019un pr\u00e9sident, d\u2019un secr\u00e9taire et d\u2019un tr\u00e9sorier ainsi que de 5 membres. Les membres du bureau sont \u00e9lus pour une dur\u00e9e de 3 ans, avec la possibilit\u00e9 d\u2019\u00eatre r\u00e9\u00e9lu pour une autre p\u00e9riode de 3 ans. Le comit\u00e9 Verre compte une centaine de membres. L\u2019organisation [&hellip;]<\/p>\n","protected":false},"author":1,"featured_media":0,"parent":158,"menu_order":0,"comment_status":"closed","ping_status":"closed","template":"","meta":{"footnotes":""},"yst_prominent_words":[],"acf":[],"_links":{"self":[{"href":"https:\/\/glass.mini.icom.museum\/fr\/wp-json\/wp\/v2\/pages\/171"}],"collection":[{"href":"https:\/\/glass.mini.icom.museum\/fr\/wp-json\/wp\/v2\/pages"}],"about":[{"href":"https:\/\/glass.mini.icom.museum\/fr\/wp-json\/wp\/v2\/types\/page"}],"author":[{"embeddable":true,"href":"https:\/\/glass.mini.icom.museum\/fr\/wp-json\/wp\/v2\/users\/1"}],"replies":[{"embeddable":true,"href":"https:\/\/glass.mini.icom.museum\/fr\/wp-json\/wp\/v2\/comments?post=171"}],"version-history":[{"count":1,"href":"https:\/\/glass.mini.icom.museum\/fr\/wp-json\/wp\/v2\/pages\/171\/revisions"}],"predecessor-version":[{"id":761,"href":"https:\/\/glass.mini.icom.museum\/fr\/wp-json\/wp\/v2\/pages\/171\/revisions\/761"}],"up":[{"embeddable":true,"href":"https:\/\/glass.mini.icom.museum\/fr\/wp-json\/wp\/v2\/pages\/158"}],"wp:attachment":[{"href":"https:\/\/glass.mini.icom.museum\/fr\/wp-json\/wp\/v2\/media?parent=171"}],"wp:term":[{"taxonomy":"yst_prominent_words","embeddable":true,"href":"https:\/\/glass.mini.icom.museum\/fr\/wp-json\/wp\/v2\/yst_prominent_words?post=171"}],"curies":[{"name":"wp","href":"https:\/\/api.w.org\/{rel}","templated":true}]}}