{"id":327,"date":"2019-01-03T22:58:48","date_gmt":"2019-01-03T22:58:48","guid":{"rendered":"http:\/\/glass.icom.cust.oxymium.net\/conferences-precedentes\/"},"modified":"2025-04-15T11:31:05","modified_gmt":"2025-04-15T11:31:05","slug":"conferences-precedentes","status":"publish","type":"page","link":"https:\/\/glass.mini.icom.museum\/fr\/conference-annuelles\/conferences-precedentes\/","title":{"rendered":"Conf\u00e9rences pr\u00e9c\u00e9dentes"},"content":{"rendered":"<div id=\"RTE_CONTENT\">\n<p><!--TYPO3SEARCH_begin--> <!-- CONTENT ELEMENT, uid:1309\/templavoila_pi1 [begin] --><\/p>\n<div id=\"c1309\">\n<div>\n<p>1959, Stockholm (Sweden), at 5th General Conference of International Council of Museum (ICOM), as a Committee of ICOM.<\/p>\n<\/div>\n<\/div>\n<div id=\"c1258\">\n<p>1962, Leyden, (The Netherlands). June, 30-July, 3<\/p>\n<p><i>(Chair: Joseph Philippe. Belgique)<\/i><\/p>\n<p>1964, Damascus, Syria, November, 16-23<\/p>\n<p>1965. New York, (USA), September, 24-25<\/p>\n<p>1967. Ravenna, Italy, May, 13-16<\/p>\n<p>1969. Prague, Czechoslovakia, July, 6-12<\/p>\n<p>(<i>Chair:Wend von Kalnein, Salzburg, Austria; Secretary P.C. Ritsema van Eck, Amsterdam, Holland<\/i>)<\/p>\n<p>1977. Leningrad, Soviet Union. May, 19-21<\/p>\n<p>1977. Berlin-K\u00f6penick. August, 19. In connection with VII AIHV \u00a0Congress<\/p>\n<p>1978. Venice, Italy. April, 28 &#8211; May, 2<\/p>\n<p>1979. Krefeld, Germany. May, 16-18<\/p>\n<p>1980. V\u00e4xj\u00f6, Sweden. June, 2-5<\/p>\n<p><i>(Chair: Lars Thor, V\u00e4xjo, Sweden; Secertary: P.C. Ritsema van Eck, Amsterdam, Holland)<\/i><\/p>\n<p>1980. ICOM General Conference. Mexico. October, 28-31<\/p>\n<p>1981. Vienna, Austria. June, 22-25<\/p>\n<p>1982. Liege, Charleroi, Brussel, Belgium. September, 20-23<\/p>\n<p>1983. ICOM General Conference. London, United Kingdom, 24 July &#8211; 2 August<\/p>\n<p><i>(Chair: Brian Blench, Glasgow, Scotland; Secretary Jan Kock, Aalborg, Denmark)<\/i><\/p>\n<p>1984. Riihim\u00e4ki, Finland. May, 21-25<\/p>\n<p>1985. Paris, France. Juni, 9-14<\/p>\n<p>1986. Erfurt, Germany. September, 21-27<\/p>\n<p>1986. ICOM General Conference. Den Haag, Holland, 27 August &#8211; 6 September<\/p>\n<p><i>(Chair: Jan Kock, Aalborg, Denmark; Secretary Margrit Bauer, Frankfurt, Germany)<\/i><\/p>\n<p>1987. Frankurt, West Germany. May, 11-15<\/p>\n<p>1988. Glasgow, UK, Scotland, May,\u00a018-24<\/p>\n<p>1989. ICOM General Conference. Den Haag, Holland.\u00a0August 27-September 6. General Conference of ICOM<\/p>\n<p><a title=\"TEXT, 1989 Netherlands Programme, 1989_Netherlands_Programme.pdf, 660 KB\" href=\"http:\/\/glass.mini.icom.museum\/wp-content\/uploads\/sites\/12\/2019\/01\/1989_Netherlands_Programme.pdf\">Programme<\/a><\/p>\n<p>1990. Aalborg, Ebeltoft, Copenhagen,\u00a0Denmark. May, 13-20<\/p>\n<p>1991. Praha, Novy Bor,\u00a0Czechoslovakia. 26 May- 2 June<\/p>\n<p><i>(Chair: Jan Kock, Aalborg Historical Museum, Denmark; Secretary: Margrit Bauer, Museum f\u00fcr Kunsthandwerk, Frankfurt, Germany)<\/i><\/p>\n<p>1992. ICOM General Conference. Quebec, Canada, September 17 &#8211; October 2<\/p>\n<p>1992. Venice, Italy, October, 17-21<\/p>\n<p>1993. D\u00fcsseldorf, Bonn and Cologne. 19-25 September<\/p>\n<p><a title=\"TEXT, 1993 Germany Programme, 1993_Germany_Programme.pdf, 0.9 MB\" href=\"http:\/\/glass.mini.icom.museum\/wp-content\/uploads\/sites\/12\/2019\/01\/1993_Germany_Programme.pdf\">Programme<\/a><\/p>\n<p><a title=\"TEXT, 1993 Germany Participants, 1993_Germany_Participants.pdf, 493 KB\" href=\"http:\/\/glass.mini.icom.museum\/wp-content\/uploads\/sites\/12\/2019\/01\/1993_Germany_Participants.pdf\">List of participants<\/a><\/p>\n<p>1994. London.\u00a0Great Britain. 15-21 May<\/p>\n<p><a title=\"TEXT, 1994 London. Program, 1994_London._Program.pdf, 1.0 MB\" href=\"http:\/\/glass.mini.icom.museum\/wp-content\/uploads\/sites\/12\/2019\/01\/1994_London._Program.pdf\">Programme<\/a><\/p>\n<p>1995. Spain, La Granja de San Ildefonso. (Segovia) May 28- Jun 3<\/p>\n<p><a title=\"TEXT, 1995 La Granjaprog, 1995_La_Granjaprog.pdf, 0.9 MB\" href=\"http:\/\/glass.mini.icom.museum\/wp-content\/uploads\/sites\/12\/2019\/01\/1995_La_Granjaprog.pdf\">Programme<\/a><\/p>\n<p><a title=\"TEXT, 1995 List of Participants, 1995_List_of_Participants.pdf, 3.2 MB\" href=\"http:\/\/glass.mini.icom.museum\/wp-content\/uploads\/sites\/12\/2019\/01\/1995_List_of_Participants.pdf\">List of members<\/a><\/p>\n<p><i>(Chair: Reino Liefkes, Victorian and Albert Museum, London, United Kingdon; Secretary: Jutta-Annete Page, Corning Museum of Glass, USA)<\/i><\/p>\n<p>1996. Berlin, Dresden<\/p>\n<p><a title=\"TEXT, 1996 Berlinprogrm, 1996_Berlinprogrm.pdf, 1.8 MB\" href=\"http:\/\/glass.mini.icom.museum\/wp-content\/uploads\/sites\/12\/2019\/01\/1996_Berlinprogrm.pdf\">Programme<\/a><\/p>\n<p>1997. Jerusalem. Israel<\/p>\n<p><a title=\"TEXT, 1997 Israel Program, 1997_Israel_Program.pdf, 831 KB\" href=\"http:\/\/glass.mini.icom.museum\/wp-content\/uploads\/sites\/12\/2019\/01\/1997_Israel_Program.pdf\">Programme<\/a><\/p>\n<p><a title=\"TEXT, 1997 Israel Participants, 1997_Israel_Participants.pdf, 675 KB\" href=\"http:\/\/glass.mini.icom.museum\/wp-content\/uploads\/sites\/12\/2019\/01\/1997_Israel_Participants.pdf\">List of participants<\/a><\/p>\n<p>1998. Melbourne, Australia, 12-14 October. ICOM General Conference<\/p>\n<p>1999. Smaland, Stockolmo<\/p>\n<p>2000. Passau\/Frauenau and Coburg<\/p>\n<p><a title=\"TEXT, 2000 Passau Programa, 2000_Passau_Programa.pdf, 1.8 MB\" href=\"http:\/\/glass.mini.icom.museum\/wp-content\/uploads\/sites\/12\/2019\/01\/2000_Passau_Programa.pdf\">Programme<\/a><\/p>\n<p>2001. Barcelona, Sapin, 2-4 July. ICOM General Conference<\/p>\n<p><i>(Chair: Jutta-Annette Page, Corning Museum of Glass, USA; Secretary: Gunnel Holm\u00e9r, Smalands Museum, Sweden)<\/i><\/p>\n<p>2002. Praha<\/p>\n<p><a title=\"TEXT, 2002 Pragueprogram, 2002_Pragueprogram.pdf, 1.3 MB\" href=\"http:\/\/glass.mini.icom.museum\/wp-content\/uploads\/sites\/12\/2019\/01\/2002_Pragueprogram.pdf\">Programme<\/a><\/p>\n<p>2003. ICDAD\/ICOM Glass, Genoa, Italy, 19-24 September<\/p>\n<p><a title=\"TEXT, 2003 Genoaorogram, 2003_Genoaorogram.pdf, 2.1 MB\" href=\"http:\/\/glass.mini.icom.museum\/wp-content\/uploads\/sites\/12\/2019\/01\/2003_Genoaorogram.pdf\">Program<\/a>me<\/p>\n<p>2004. Slovenia<\/p>\n<p><a title=\"TEXT, 2004 Sloveniaprogram, 2004_Sloveniaprogram.pdf, 1.2 MB\" href=\"http:\/\/glass.mini.icom.museum\/wp-content\/uploads\/sites\/12\/2019\/01\/2004_Sloveniaprogram.pdf\">Programme<\/a><\/p>\n<p>2006. Istambul, Turkia<\/p>\n<p>2007. Vienna, Austria, 20-22 August. ICOM General Conference<\/p>\n<p><i>(Chair: Paloma Pastor, Royal Glass Factory, Spain; Secretary: Jane Spillman, Corning Museum of Glass, USA)<\/i><\/p>\n<p>2008. Nancy, France, 27-31 October<\/p>\n<p><a title=\"TEXT, Program of the ICOM Glass meeting in Nancy, Program_of_the_ICOM_Glass_meeting_in_Nancy.pdf, 154 KB\" href=\"http:\/\/glass.mini.icom.museum\/wp-content\/uploads\/sites\/12\/2019\/01\/Program_of_the_ICOM_Glass_meeting_in_Nancy.pdf\">Program<\/a><\/p>\n<p>2009. Lisbon, Portugal, 10-14 November<\/p>\n<p><a title=\"TEXT, Programa Lisbon ICOM b, Programa_Lisbon_ICOM_b.pdf, 57 KB\" href=\"http:\/\/glass.mini.icom.museum\/wp-content\/uploads\/sites\/12\/2019\/01\/Programa_Lisbon_ICOM_b.pdf\">Programme<\/a><\/p>\n<p>2010. Finland and Estonia, 6-10 September<\/p>\n<p><a title=\"TEXT, Suomen lasimuseo Preliminary program, Suomen_lasimuseo_Preliminary_program.pdf, 23 KB\" href=\"http:\/\/glass.mini.icom.museum\/wp-content\/uploads\/sites\/12\/2019\/01\/Suomen_lasimuseo_Preliminary_program.pdf\">Programme<\/a><\/p>\n<p><a title=\"TEXT, Listado credenciales Finlandia, Listado_credenciales_Finlandia.pdf, 57 KB\" href=\"http:\/\/glass.mini.icom.museum\/wp-content\/uploads\/sites\/12\/2019\/01\/Listado_credenciales_Finlandia.pdf\">List of participants<\/a><\/p>\n<p>2010. Shanghai, 7-12 November. The 22nd ICOM General Conference and Joint Meeting DEMHIST\/GLASS\/ICDAD\/ICFA<\/p>\n<p><a title=\"TEXT, Shanghai-symposium-progra10, Shanghai-symposium-progra10.pdf, 94 KB\" href=\"http:\/\/glass.mini.icom.museum\/wp-content\/uploads\/sites\/12\/2019\/01\/Shanghai-symposium-progra10.pdf\">Programme<\/a><\/p>\n<p>2011. Spain, 30 May-4 June. Barcelona, La Granja and Madrid<\/p>\n<p><a title=\"TEXT, ICOM Glass preliminary program in Spain, ICOM_Glass_preliminary_program_in_Spain.pdf, 94 KB\" href=\"http:\/\/glass.mini.icom.museum\/wp-content\/uploads\/sites\/12\/2019\/01\/ICOM_Glass_preliminary_program_in_Spain.pdf\">Programme<\/a><\/p>\n<p><a title=\"TEXT, Credenciales Espana Icom Glass, Credenciales_Espana_Icom_Glass.pdf, 44 KB\" href=\"http:\/\/glass.mini.icom.museum\/wp-content\/uploads\/sites\/12\/2019\/01\/Credenciales_Espana_Icom_Glass.pdf\">List of participants<\/a><\/p>\n<p>2012. USA, 4-13 June. New York, Corning and Toledo<\/p>\n<p><a title=\"TEXT, ICOM 2012 JSS Tour web, ICOM_2012_JSS_Tour_web.pdf, 103 KB\" href=\"http:\/\/glass.mini.icom.museum\/wp-content\/uploads\/sites\/12\/2019\/01\/ICOM_2012_JSS_Tour_web.pdf\">Programme<\/a><\/p>\n<p>2013. Rio de Janeiro, Brazil, 12-17 August. The 23nd ICOM General Conference and Joint Meetin DEMHIST\/GLASS\/ICDAD\/ICFA<\/p>\n<p><a title=\"TEXT, Programa inglesl ICOM RIO 2013 - GLASS , _Programa_inglesl_ICOM_RIO_2013_-_GLASS_.pdf, 60 KB\" href=\"http:\/\/glass.mini.icom.museum\/wp-content\/uploads\/sites\/12\/2019\/01\/_Programa_inglesl_ICOM_RIO_2013_-_GLASS_.pdf\">Programme<\/a><\/p>\n<p><a title=\"TEXT, Resumos do ICOM Glass BR avaliados, Resumos_do_ICOM_Glass_BR_avaliados.pdf, 1.1 MB\" href=\"http:\/\/glass.mini.icom.museum\/wp-content\/uploads\/sites\/12\/2019\/01\/Resumos_do_ICOM_Glass_BR_avaliados.pdf\">Abstract<\/a><\/p>\n<p>2013. Bratislava-Lednick\u00e9 Rovn\u00e9, Slovakia. 28-31 October.\u00a0Annual ICOM Glass Meeting<\/p>\n<p><a title=\"TEXT, ICOM GLASS MEETING 2013 final program Bratislava, ICOM_GLASS_MEETING_2013_final_program_Bratislava.pdf, 47 KB\" href=\"http:\/\/glass.mini.icom.museum\/wp-content\/uploads\/sites\/12\/2019\/01\/ICOM_GLASS_MEETING_2013_final_program_Bratislava.pdf\">Programme<\/a><\/p>\n<p><a title=\"TEXT, Participants Icom Glass Bratislava meeting OK, Participants_Icom_Glass_Bratislava_meetingOK.pdf, 38 KB\" href=\"http:\/\/glass.mini.icom.museum\/wp-content\/uploads\/sites\/12\/2019\/01\/Participants_Icom_Glass_Bratislava_meetingOK.pdf\">List of participants<\/a><\/p>\n<p><i>(Chair: Reino Liefkes, Victorian and Albert Museum, London, United Kingdon; Secretary: Teresa Medici, VICARTE, Lisbon, Portugal)<\/i><\/p>\n<p>2014. Romania, 4-11 October. Annual ICOM Glass Meeting.<\/p>\n<p><a title=\"TEXT, ICOM GLASS 2014 - Rumania Pre-conference Tour, ICOM_GLASS_2014_-_Rumania_Pre-conference_Tour.pdf, 144 KB\" href=\"http:\/\/glass.mini.icom.museum\/wp-content\/uploads\/sites\/12\/2019\/01\/ICOM_GLASS_2014_-_Rumania_Pre-conference_Tour.pdf\">Programme<\/a><\/p>\n<p><a title=\"TEXT, ICOM GLASS 2014 PROVISIONAL PROGRAM Rumania 2 , ICOM_GLASS_2014_PROVISIONAL_PROGRAM__Rumania_2_.pdf, 214 KB\" href=\"http:\/\/glass.mini.icom.museum\/wp-content\/uploads\/sites\/12\/2019\/01\/ICOM_GLASS_2014_PROVISIONAL_PROGRAM__Rumania_2_.pdf\">Programme<\/a><\/p>\n<p>List of participants<\/p>\n<p>2015. Switzerland, 7-13 September. Joint Meeting AIHV Triennal Congress and Annual\u00a0ICOM Glass Meeting<\/p>\n<p><a title=\"TEXT, ICOM Glass 2015 meeting call 2, ICOM_Glass_2015_meeting_call_2.pdf, 59 KB\" href=\"http:\/\/glass.mini.icom.museum\/wp-content\/uploads\/sites\/12\/2019\/01\/ICOM_Glass_2015_meeting_call_2.pdf\">Programme<\/a><\/p>\n<p><a title=\"TEXT, ICOM GLASS 14 sept Zurich, ICOM_GLASS_14_sept_Zurich.pdf, 147 KB\" href=\"http:\/\/glass.mini.icom.museum\/wp-content\/uploads\/sites\/12\/2019\/01\/ICOM_GLASS_14_sept_Zurich.pdf\">Programme<\/a><\/p>\n<p>2016. Milano, 3-9 July. ICOM General Conference and\u00a0ICOM Glass Annual Meeting<\/p>\n<p><a title=\"TEXT, ICOM GLASS Milano 2016 17-05-2016 1 , ICOM_GLASS_Milano_2016_17-05-2016__1_.pdf, 431 KB\" href=\"http:\/\/glass.mini.icom.museum\/wp-content\/uploads\/sites\/12\/2019\/01\/ICOM_GLASS_Milano_2016_17-05-2016__1_.pdf\">Programme<\/a><\/p>\n<p>2017. Sars-Poteries. Northern\u00a0France and Belgium. 16-20 October. Annual ICOM Glass Meeting<\/p>\n<p><a title=\"TEXT, programme ICOM Glass 2017, programme_ICOM_Glass_2017.pdf, 1.0 MB\" href=\"http:\/\/glass.mini.icom.museum\/wp-content\/uploads\/sites\/12\/2019\/01\/programme_ICOM_Glass_2017.pdf\">Programme<\/a><\/p>\n<p><a title=\"TEXT, Abstracts, Abstracts.pdf, 141 KB\" href=\"http:\/\/glass.mini.icom.museum\/wp-content\/uploads\/sites\/12\/2019\/01\/Abstracts.pdf\">Abstracs<\/a><\/p>\n<p><a title=\"TEXT, Final list, Final_list.pdf, 56 KB\" href=\"http:\/\/glass.mini.icom.museum\/wp-content\/uploads\/sites\/12\/2019\/01\/Final_list.pdf\">List of participant<\/a>s<\/p>\n<p>2018. St. Petersbourg (Russia). 24-29 September, 2019<\/p>\n<p><a href=\"https:\/\/glass.mini.icom.museum\/wp-content\/uploads\/sites\/12\/2020\/01\/Programme-ICOM-GLASS-2018.pdf\">Programme<\/a><\/p>\n<p><a href=\"https:\/\/glass.mini.icom.museum\/wp-content\/uploads\/sites\/12\/2020\/01\/Abstracts_ICOM-Glass-2018-1.pdf\">Abstracts<\/a><\/p>\n<p><a href=\"https:\/\/glass.mini.icom.museum\/wp-content\/uploads\/sites\/12\/2020\/01\/ICOM-GLASS-2018-list-of-participants_updated-2.pdf\">List of participants\u00a0<\/a><\/p>\n<p>2019. Annual ICOM Glass Meeting and ICOM General Conference. Kyoto, Japan, 1-7 September<\/p>\n<p><a href=\"https:\/\/glass.mini.icom.museum\/wp-content\/uploads\/sites\/12\/2021\/08\/\u2605Programme-and-Abstract-final-KYOTO-2019.pdf\">Programme\u00a0<\/a><\/p>\n<p>2020. Annual ICOM Glass Meeting online<\/p>\n<p><a href=\"https:\/\/glass.mini.icom.museum\/wp-content\/uploads\/sites\/12\/2021\/08\/General-Assembly-2020_updated-17-07-2020.pdf\">General Assembly<\/a><\/p>\n<p>2021. Annual Meeting of ICOM Glass<\/p>\n<p><a href=\"https:\/\/glass.mini.icom.museum\/wp-content\/uploads\/sites\/12\/2021\/08\/ICOM-Glass-online-Meeting-6-7-May-2021-ProgrammeAbstracts.pdf\">Programme<\/a><\/p>\n<p><!-- Text: [end] --> <!-- BEGIN: Content of extension \"hpo_relatedlink\", plugin \"tx_hporelatedlink_pi1\" --><\/p>\n<div>\n<p>2022. Annual Meeting of ICOM Glass at the General Conference in Prague. 20-28 August<\/p>\n<p><a href=\"https:\/\/glass.mini.icom.museum\/wp-content\/uploads\/sites\/12\/2022\/12\/ICOM-Glass-Prague-2022-programme.pdf\">Program<\/a>\u00a0(ICOM Glass and joint Session with ICOM Costume and ICOM ICDAD. Crystal Valley trip)<\/p>\n<p><i>(Chair: Ruriko Tsuchida. Toyama Glass Art Museum in Toyama, Japan; Secretary: Anne-Laure Carr\u00e9. Mus\u00e9e des arts et m\u00e9tiers \u2013 Conservatoire National des Arts et M\u00e9tiers, Paris)<\/i><\/p>\n<\/div>\n<div>2023. Annual Meeting of ICOM Glass in Innsbruck, Austria. 25-29 September<\/div>\n<div><\/div>\n<div><a href=\"https:\/\/glass.mini.icom.museum\/wp-content\/uploads\/sites\/12\/2025\/04\/Program-2023.pdf\">Program 2023<\/a><\/div>\n<div><\/div>\n<div>2024. Annual Meeting of ICOM Glass in Toledo, OH,USA, 20-24 August<\/div>\n<div><a href=\"https:\/\/glass.mini.icom.museum\/wp-content\/uploads\/sites\/12\/2025\/04\/ICOM-Glass-Annual-Conference-2024_Itinerary_ForCirculation.pdf\">Program<\/a><\/div>\n<div><\/div>\n<div><\/div>\n<p><!-- END: Content of extension \"hpo_relatedlink\", plugin \"tx_hporelatedlink_pi1\" --><\/p>\n<\/div>\n<p><!-- CONTENT ELEMENT, uid:1258\/text [end] --> <!--TYPO3SEARCH_end--><\/p>\n<\/div>\n","protected":false},"excerpt":{"rendered":"<p>1959, Stockholm (Sweden), at 5th General Conference of International Council of Museum (ICOM), as a Committee of ICOM. 1962, Leyden, (The Netherlands). June, 30-July, 3 (Chair: Joseph Philippe. Belgique) 1964, Damascus, Syria, November, 16-23 1965. New York, (USA), September, 24-25 1967. Ravenna, Italy, May, 13-16 1969. Prague, Czechoslovakia, July, 6-12 (Chair:Wend von Kalnein, Salzburg, Austria; [&hellip;]<\/p>\n","protected":false},"author":1,"featured_media":0,"parent":1086,"menu_order":1,"comment_status":"closed","ping_status":"closed","template":"","meta":{"footnotes":""},"yst_prominent_words":[265,267,260,682,678,187,262,261,263,259,273,402,268,270,266,683,272,269,264,271],"acf":[],"_links":{"self":[{"href":"https:\/\/glass.mini.icom.museum\/fr\/wp-json\/wp\/v2\/pages\/327"}],"collection":[{"href":"https:\/\/glass.mini.icom.museum\/fr\/wp-json\/wp\/v2\/pages"}],"about":[{"href":"https:\/\/glass.mini.icom.museum\/fr\/wp-json\/wp\/v2\/types\/page"}],"author":[{"embeddable":true,"href":"https:\/\/glass.mini.icom.museum\/fr\/wp-json\/wp\/v2\/users\/1"}],"replies":[{"embeddable":true,"href":"https:\/\/glass.mini.icom.museum\/fr\/wp-json\/wp\/v2\/comments?post=327"}],"version-history":[{"count":18,"href":"https:\/\/glass.mini.icom.museum\/fr\/wp-json\/wp\/v2\/pages\/327\/revisions"}],"predecessor-version":[{"id":2682,"href":"https:\/\/glass.mini.icom.museum\/fr\/wp-json\/wp\/v2\/pages\/327\/revisions\/2682"}],"up":[{"embeddable":true,"href":"https:\/\/glass.mini.icom.museum\/fr\/wp-json\/wp\/v2\/pages\/1086"}],"wp:attachment":[{"href":"https:\/\/glass.mini.icom.museum\/fr\/wp-json\/wp\/v2\/media?parent=327"}],"wp:term":[{"taxonomy":"yst_prominent_words","embeddable":true,"href":"https:\/\/glass.mini.icom.museum\/fr\/wp-json\/wp\/v2\/yst_prominent_words?post=327"}],"curies":[{"name":"wp","href":"https:\/\/api.w.org\/{rel}","templated":true}]}}